{"id":80,"date":"2023-06-07T17:58:42","date_gmt":"2023-06-07T15:58:42","guid":{"rendered":"https:\/\/snapshot.cerge-ei.cz\/?page_id=80"},"modified":"2023-06-14T07:04:14","modified_gmt":"2023-06-14T05:04:14","slug":"authors","status":"publish","type":"page","link":"https:\/\/snapshot.cerge-ei.cz\/?page_id=80","title":{"rendered":"Authors"},"content":{"rendered":"\n<p><strong>Marek Kapi\u010dka\u00a0<\/strong>p\u016fsob\u00ed jako Associate Professor na CERGE-EI, z\u00e1rove\u0148 je docentem na Univerzit\u011b Karlov\u011b a v\u00fdzkumn\u00edkem na N\u00e1rodohospod\u00e1\u0159sk\u00e9m \u00fastavu AV \u010cR. Doktor\u00e1t z\u00edskal na University of Chicago a\u00a0pot\u00e9 p\u016fsobil na University of California in Santa Barbara. Ve sv\u00e9m v\u00fdzkumu se zam\u011b\u0159uje na makroekonomii a\u00a0teorii optim\u00e1ln\u00edho zdan\u011bn\u00ed.  Email: <a href=\"mailto:marek.kapicka@cerge-ei.cz\">marek.kapicka@cerge-ei.cz<\/a>.<\/p>\n\n\n\n<p><strong>Ctirad Slav\u00edk<\/strong> p\u016fsob\u00ed jako Assistant Professor na CERGE-EI a Univerzite Karlov\u011b a jako v\u00fdzkumn\u00edk na N\u00e1rodohospod\u00e1\u0159sk\u00e9m \u00fastavu AV \u010cR. P\u0159edt\u00edm p\u016fsobil jako  Assistant Professor na  Goethe University ve Frankfurtu a jako Researcher ve Federal Reserve Bank of Minneapolis, USA. Doktor\u00e1t z\u00edskal na University of Minnesota. Ve sv\u00e9m v\u00fdzkumu se zaj\u00edm\u00e1 o ve\u0159ejn\u00e9 finance a finan\u010dn\u00ed ekonomii. Email: <a href=\"mailto:ctirad.slavik@cerge-ei.cz\">ctirad.slavik@cerge-ei.cz<\/a>.<\/p>\n\n\n\n<p><strong>Michal Kejak<\/strong> p\u016fsob\u00ed jako Associate Professor na CERGE-EI, z\u00e1rove\u0148 je profesorem na Univerzit\u011b Karlov\u011b a v\u00fdzkumn\u00edkem na N\u00e1rodohospod\u00e1\u0159sk\u00e9m \u00fastavu AV \u010cR. Doktor\u00e1t z\u00edskal na \u010cVUT. Zaj\u00edm\u00e1 se o monet\u00e1rn\u00ed ekonomii, ekonomick\u00fd r\u016fst a hospod\u00e1\u0159sk\u00e9 cykly a o numerick\u00e9 metody v ekonomii. Email: <a href=\"mailto:michal.kejak@cerge-ei.cz\">michal.kejak@cerge-ei.cz<\/a>.<\/p>\n\n\n\n<p><strong>Ale\u0161 Mar\u0161\u00e1l<\/strong> p\u016fsob\u00ed jako v\u00fdzkumn\u00edk na N\u00e1rodohospod\u00e1\u0159sk\u00e9m \u00fastavu AV \u010cR, v N\u00e1rodn\u00ed bance Slovenska a na Mendelov\u011b univerzit\u011b v Brn\u011b. Zaj\u00edm\u00e1 se o oce\u0148ov\u00e1n\u00ed aktiv, makro-finance a DSGE modelov\u00e1n\u00ed. Email: <a href=\"mailto:ales.marsal@gmail.com\">ales.marsal@gmail.com<\/a>.<\/p>\n\n\n\n<p><strong>Luk\u00e1\u0161 Jord\u00e1n<\/strong> je PhD studentem na CERGE-EI. Email: <a href=\"mailto:lukas.jordan@cerge-ei.cz\">lukas.jordan@cerge-ei.cz<\/a>.<\/p>\n","protected":false},"excerpt":{"rendered":"<p>Marek Kapi\u010dka\u00a0p\u016fsob\u00ed jako Associate Professor na CERGE-EI, z\u00e1rove\u0148 je docentem na Univerzit\u011b Karlov\u011b a v\u00fdzkumn\u00edkem na N\u00e1rodohospod\u00e1\u0159sk\u00e9m \u00fastavu AV \u010cR. Doktor\u00e1t z\u00edskal na University of Chicago a\u00a0pot\u00e9 p\u016fsobil na University of California in Santa Barbara. Ve sv\u00e9m v\u00fdzkumu se zam\u011b\u0159uje na makroekonomii a\u00a0teorii optim\u00e1ln\u00edho zdan\u011bn\u00ed. Email: marek.kapicka@cerge-ei.cz. Ctirad Slav\u00edk p\u016fsob\u00ed jako Assistant Professor na CERGE-EI &hellip; <a href=\"https:\/\/snapshot.cerge-ei.cz\/?page_id=80\" class=\"more-link\">Continue reading<span class=\"screen-reader-text\"> &#8220;Authors&#8221;<\/span><\/a><\/p>\n","protected":false},"author":2,"featured_media":0,"parent":0,"menu_order":0,"comment_status":"closed","ping_status":"closed","template":"","meta":{"footnotes":""},"class_list":["post-80","page","type-page","status-publish","hentry"],"_links":{"self":[{"href":"https:\/\/snapshot.cerge-ei.cz\/index.php?rest_route=\/wp\/v2\/pages\/80","targetHints":{"allow":["GET"]}}],"collection":[{"href":"https:\/\/snapshot.cerge-ei.cz\/index.php?rest_route=\/wp\/v2\/pages"}],"about":[{"href":"https:\/\/snapshot.cerge-ei.cz\/index.php?rest_route=\/wp\/v2\/types\/page"}],"author":[{"embeddable":true,"href":"https:\/\/snapshot.cerge-ei.cz\/index.php?rest_route=\/wp\/v2\/users\/2"}],"replies":[{"embeddable":true,"href":"https:\/\/snapshot.cerge-ei.cz\/index.php?rest_route=%2Fwp%2Fv2%2Fcomments&post=80"}],"version-history":[{"count":4,"href":"https:\/\/snapshot.cerge-ei.cz\/index.php?rest_route=\/wp\/v2\/pages\/80\/revisions"}],"predecessor-version":[{"id":144,"href":"https:\/\/snapshot.cerge-ei.cz\/index.php?rest_route=\/wp\/v2\/pages\/80\/revisions\/144"}],"wp:attachment":[{"href":"https:\/\/snapshot.cerge-ei.cz\/index.php?rest_route=%2Fwp%2Fv2%2Fmedia&parent=80"}],"curies":[{"name":"wp","href":"https:\/\/api.w.org\/{rel}","templated":true}]}}