{"id":387,"date":"2024-03-18T17:12:01","date_gmt":"2024-03-18T16:12:01","guid":{"rendered":"https:\/\/snapshot.cerge-ei.cz\/?page_id=387"},"modified":"2025-04-01T13:39:55","modified_gmt":"2025-04-01T11:39:55","slug":"hospodarsky-cycklus-v-ceske-republice","status":"publish","type":"page","link":"https:\/\/snapshot.cerge-ei.cz\/?page_id=387","title":{"rendered":"Hospod\u00e1\u0159sk\u00fd cyklus v \u010cesk\u00e9 republice"},"content":{"rendered":"\n<p><sub>Posledn\u00ed aktulizace: duben 2025<\/sub><\/p>\n\n\n\n<figure class=\"wp-block-table is-style-regular has-small-font-size\"><table class=\"has-fixed-layout\"><thead><tr><th class=\"has-text-align-left\" data-align=\"left\">Vrchol<\/th><th>Dno<\/th><th>Doba <br>(Vrchol-Dno)<\/th><th>Doba <br>(Dno-Vrchol)<\/th><th>Doba <br>(Dno-Dno)<\/th><th>Doba <br>(Vrchol-Vrchol)<\/th><\/tr><\/thead><tbody><tr><td class=\"has-text-align-left\" data-align=\"left\">Q 3 1997<\/td><td>Q2 1999<\/td><td>9<\/td><td>&#8211;<\/td><td>&#8211;<\/td><td>&#8211;<\/td><\/tr><tr><td class=\"has-text-align-left\" data-align=\"left\">Q4 2008<\/td><td>Q1 2010<\/td><td>5<\/td><td>38<\/td><td>43<\/td><td>47<\/td><\/tr><tr><td class=\"has-text-align-left\" data-align=\"left\">Q4 2011<\/td><td>Q 4 2013<\/td><td>8<\/td><td>7<\/td><td>15<\/td><td>12<\/td><\/tr><tr><td class=\"has-text-align-left\" data-align=\"left\">Q 4 2019 <\/td><td>Q2 2021<\/td><td>4<\/td><td>24<\/td><td>28<\/td><td>32<\/td><\/tr><\/tbody><\/table><figcaption class=\"wp-element-caption\">Zdroj: Eurostat, vlastn\u00ed v\u00fdpo\u010dty<\/figcaption><\/figure>\n\n\n\n<p>Tabulka zachycuje v\u00fdvoj hospod\u00e1\u0159sk\u00fdch cykl\u016f v \u010cesk\u00e9 republice od roku 1996. Tabulka bude pravideln\u011b aktualizov\u00e1na. Prvn\u00ed sloupec zobrazuje \u010dtvtlet\u00ed a rok jednotliv\u00fdch vrchol\u016f hospod\u00e1\u0159sk\u00fdch cykl\u016f. Druh\u00fd sloupec zachycuje \u010dtvrtlet\u00ed a rok dna ka\u017ed\u00e9ho hospod\u00e1\u0159sk\u00e9ho cyklu. T\u0159et\u00ed sloupec vyobrazuje po\u010det \u010dvrtlet\u00ed, kter\u00e9 uplynuly mezi po sob\u011b jdouc\u00edmi vrcholy a dny. Nap\u0159\u00edklad mezi vrcholem ve 3. \u010dtvrtlet\u00ed 1997 a dnem ve 2. \u010dtvrtlet\u00ed 1999 uplynulo 9 \u010dtvrtlet\u00ed. \u010ctvrt\u00fd sloupec zn\u00e1zor\u0148uje po\u010det \u010dtvrtlet\u00ed mezi po sob\u011b jdouc\u00edmi dny a vrholy. Nap\u0159\u00edklad mezi dnem ve 2. \u010dtvrtlet\u00ed 1999 a vrcholem ve 4. \u010dtvrtlet\u00ed 2008 uplynulo 38 \u010dtvrtlet\u00ed. P\u00e1t\u00fd sloupec vykresluje po\u010det \u010dtvrtlet\u00ed mezi po sob\u011b jsouc\u00edmi dny. Nap\u0159\u00edklad mezi dnem ve 2. \u010dtvtlet\u00ed 1999 a dnem v 1. \u010dtvrtlet\u00ed 2010 uplynulo 43 \u010dtvrtlet\u00ed. Posledn\u00ed sloupec vyobrazuje po\u010det \u010dtvrtlet\u00ed mezi po sob\u011b jdouc\u00edmi vrcholy. Nap\u0159\u00edklad mezi vrcholem ve 3. \u010dtvrtlet\u00ed 1997 and vrcholem ve 4. \u010dtvrtlet\u00ed 2008 uplynulo 47 \u010dtvrtlet\u00ed.<\/p>\n","protected":false},"excerpt":{"rendered":"<p>Posledn\u00ed aktulizace: duben 2025 Vrchol Dno Doba (Vrchol-Dno) Doba (Dno-Vrchol) Doba (Dno-Dno) Doba (Vrchol-Vrchol) Q 3 1997 Q2 1999 9 &#8211; &#8211; &#8211; Q4 2008 Q1 2010 5 38 43 47 Q4 2011 Q 4 2013 8 7 15 12 Q 4 2019 Q2 2021 4 24 28 32 Zdroj: Eurostat, vlastn\u00ed v\u00fdpo\u010dty Tabulka zachycuje &hellip; <a href=\"https:\/\/snapshot.cerge-ei.cz\/?page_id=387\" class=\"more-link\">Continue reading<span class=\"screen-reader-text\"> &#8220;Hospod\u00e1\u0159sk\u00fd cyklus v \u010cesk\u00e9 republice&#8221;<\/span><\/a><\/p>\n","protected":false},"author":5,"featured_media":0,"parent":0,"menu_order":0,"comment_status":"closed","ping_status":"closed","template":"","meta":{"footnotes":""},"class_list":["post-387","page","type-page","status-publish","hentry"],"_links":{"self":[{"href":"https:\/\/snapshot.cerge-ei.cz\/index.php?rest_route=\/wp\/v2\/pages\/387","targetHints":{"allow":["GET"]}}],"collection":[{"href":"https:\/\/snapshot.cerge-ei.cz\/index.php?rest_route=\/wp\/v2\/pages"}],"about":[{"href":"https:\/\/snapshot.cerge-ei.cz\/index.php?rest_route=\/wp\/v2\/types\/page"}],"author":[{"embeddable":true,"href":"https:\/\/snapshot.cerge-ei.cz\/index.php?rest_route=\/wp\/v2\/users\/5"}],"replies":[{"embeddable":true,"href":"https:\/\/snapshot.cerge-ei.cz\/index.php?rest_route=%2Fwp%2Fv2%2Fcomments&post=387"}],"version-history":[{"count":5,"href":"https:\/\/snapshot.cerge-ei.cz\/index.php?rest_route=\/wp\/v2\/pages\/387\/revisions"}],"predecessor-version":[{"id":398,"href":"https:\/\/snapshot.cerge-ei.cz\/index.php?rest_route=\/wp\/v2\/pages\/387\/revisions\/398"}],"wp:attachment":[{"href":"https:\/\/snapshot.cerge-ei.cz\/index.php?rest_route=%2Fwp%2Fv2%2Fmedia&parent=387"}],"curies":[{"name":"wp","href":"https:\/\/api.w.org\/{rel}","templated":true}]}}